{"id":903,"date":"2015-02-12T23:50:44","date_gmt":"2015-02-12T23:50:44","guid":{"rendered":"http:\/\/s404987499.mialojamiento.es\/nuevaweb\/?page_id=903"},"modified":"2015-02-12T23:55:15","modified_gmt":"2015-02-12T23:55:15","slug":"base-de-fe","status":"publish","type":"page","link":"https:\/\/www.iglesialasaguilas.com\/?page_id=903","title":{"rendered":"Base de Fe"},"content":{"rendered":"<h4 style=\"text-align: center;\">Base doctrinal de Fe<\/h4>\n<p style=\"text-align: justify;\"><img loading=\"lazy\" decoding=\"async\" class=\"  wp-image-904 alignleft\" src=\"https:\/\/s404987499.mialojamiento.es\/nuevaweb\/wp-content\/uploads\/2015\/02\/Biblia-Abierta1.jpg\" alt=\"Biblia-Abierta\" width=\"213\" height=\"120\" \/>Como cristianos evang\u00e9licos, aceptamos la Revelaci\u00f3n de Dios \u00fanico en tres personas (Padre, Hijo y Esp\u00edritu Santo) dada en las Escrituras del Antiguo y del Nuevo Testamento, y confesamos la fe hist\u00f3rica del Evangelio que se proclama en sus p\u00e1ginas. Afirmamos, por consiguiente, las doctrinas que consideramos decisivas para comprender la fe y que deben expresarse en amor, en el servicio cristiano pr\u00e1ctico y en la proclamaci\u00f3n del Evangelio:<br \/>\n1. La soberan\u00eda y la gracia de Dios el Padre, Dios el Hijo y Dios el Esp\u00edritu Santo en la creaci\u00f3n, la providencia, la revelaci\u00f3n y la redenci\u00f3n.<br \/>\n2. La inspiraci\u00f3n divina, plena y verbal de las Sagradas Escrituras en sus documentos originales y, por consiguiente, su credibilidad total y su suprema autoridad en todo lo que ata\u00f1e a la fe y a la conducta.<br \/>\n3. La pecaminosidad y culpabilidad delante de Dios de toda persona consciente, que acarrea la ira de Dios y la condenaci\u00f3n eterna.<br \/>\n4. La encarnaci\u00f3n de Dios en Jesucristo, segunda persona de la Trinidad, el Hijo unig\u00e9nito de Dios nacido virginalmente de Maria,\u00a0 cuyo sacrificio vicario constituye el \u00fanico y suficiente fundamento de redenci\u00f3n de la culpabilidad y del poder del pecado, as\u00ed como de sus consecuencias eternas.<br \/>\n5. La justificaci\u00f3n del pecador solamente por la gracia de Dios, por medio de la fe en Cristo, as\u00ed como el arrepentimiento, la conversi\u00f3n y el nuevo nacimiento.<br \/>\n6. El bautismo en agua por inmersi\u00f3n para el creyente, en el Nombre del Padre, del Hijo y del Esp\u00edritu Santo, y la Santa Cena para la Iglesia<br \/>\n7. La obra del Esp\u00edritu Santo, tercera persona de la Trinidad, que viene a hacer morada en el creyente regener\u00e1ndole, ayud\u00e1ndole a apartarse del pecado, capacit\u00e1ndole para la obra cristiana y santific\u00e1ndole para la gloria de Dios, as\u00ed como el deber y la responsabilidad personal de cada uno de los redimidos de obedecer a la Palabra de Dios y practicar la santidad en actitud, pensamiento, palabra y conducta, siendo esto el fruto\u00a0 visible de su fe.<br \/>\n8. El bautismo\u00a0en el Esp\u00edritu Santo para todos los creyentes, con las se\u00f1ales mencionadas en\u00a0 el Evangelio seg\u00fan San Marcos cap\u00edtulo 16 vers\u00edculos 17 y 18, y en Hechos de los Ap\u00f3stoles cap\u00edtulo 2.<br \/>\n9. La vigencia y actualidad de la manifestaci\u00f3n de los dones del Esp\u00edritu Santo a trav\u00e9s de los creyentes, seg\u00fan lo indica la Biblia en 1\u00aa de Corintios cap\u00edtulo 12 y otros textos.<br \/>\n10. La vigencia y actualidad de la sanidad divina basada en la obra redentora de Jesucristo, recibida por fe en El, as\u00ed como los milagros, maravillas y hechos sobrenaturales obrados por el poder de Dios para gloria de su Nombre.<br \/>\n11. La vigencia y actualidad de los ministerios de ap\u00f3stoles, profetas, evangelistas, pastores y maestros, constituidos por Cristo y dados a la Iglesia para su edificaci\u00f3n y buen funcionamiento, seg\u00fan Efesios 4, siendo funci\u00f3n exclusiva de la Iglesia el reconocer dichos ministerios.<br \/>\n12. El sacerdocio de todos los creyentes, que en la unidad del Esp\u00edritu Santo, constituyen la Iglesia Universal, el Cuerpo del cual Cristo es la Cabeza, comprometidos por el mandamiento de su Se\u00f1or a la proclamaci\u00f3n del\u00a0Evangelio en todo el mundo.<br \/>\n13. La Iglesia Local como manifestaci\u00f3n visible de una parte del Cuerpo de Cristo, as\u00ed como la necesidad y responsabilidad de cada creyente de integrarse e identificarse con la misma.<br \/>\n14. La esperanza del retorno visible de nuestro Se\u00f1or Jesucristo, el arrebatamiento de la Iglesia, la resurrecci\u00f3n de los muertos y la consumaci\u00f3n del Reinado de Cristo en el milenio.<br \/>\n15. El Juicio final, en el que Cristo juzgar\u00e1 con justicia a los vivos y a los muertos dictaminando salvaci\u00f3n eterna para unos y condenaci\u00f3n eterna para otros, conforme a la Palabra de Dios.<\/p>\n","protected":false},"excerpt":{"rendered":"<p>Base doctrinal de Fe Como cristianos evang\u00e9licos, aceptamos la Revelaci\u00f3n de Dios \u00fanico en tres personas (Padre, Hijo y Esp\u00edritu Santo) dada en las Escrituras del Antiguo y del Nuevo Testamento, y confesamos la fe hist\u00f3rica del Evangelio que se proclama en sus p\u00e1ginas. Afirmamos, por consiguiente, las doctrinas que consideramos decisivas para comprender la [&hellip;]<\/p>\n","protected":false},"author":3,"featured_media":0,"parent":0,"menu_order":0,"comment_status":"open","ping_status":"open","template":"","meta":{"footnotes":""},"class_list":["post-903","page","type-page","status-publish","hentry"],"_links":{"self":[{"href":"https:\/\/www.iglesialasaguilas.com\/index.php?rest_route=\/wp\/v2\/pages\/903","targetHints":{"allow":["GET"]}}],"collection":[{"href":"https:\/\/www.iglesialasaguilas.com\/index.php?rest_route=\/wp\/v2\/pages"}],"about":[{"href":"https:\/\/www.iglesialasaguilas.com\/index.php?rest_route=\/wp\/v2\/types\/page"}],"author":[{"embeddable":true,"href":"https:\/\/www.iglesialasaguilas.com\/index.php?rest_route=\/wp\/v2\/users\/3"}],"replies":[{"embeddable":true,"href":"https:\/\/www.iglesialasaguilas.com\/index.php?rest_route=%2Fwp%2Fv2%2Fcomments&post=903"}],"version-history":[{"count":3,"href":"https:\/\/www.iglesialasaguilas.com\/index.php?rest_route=\/wp\/v2\/pages\/903\/revisions"}],"predecessor-version":[{"id":907,"href":"https:\/\/www.iglesialasaguilas.com\/index.php?rest_route=\/wp\/v2\/pages\/903\/revisions\/907"}],"wp:attachment":[{"href":"https:\/\/www.iglesialasaguilas.com\/index.php?rest_route=%2Fwp%2Fv2%2Fmedia&parent=903"}],"curies":[{"name":"wp","href":"https:\/\/api.w.org\/{rel}","templated":true}]}}