{"id":875,"date":"2015-02-11T20:50:42","date_gmt":"2015-02-11T20:50:42","guid":{"rendered":"http:\/\/s404987499.mialojamiento.es\/nuevaweb\/?page_id=875"},"modified":"2021-01-06T19:41:20","modified_gmt":"2021-01-06T18:41:20","slug":"proyecto-templo","status":"publish","type":"page","link":"https:\/\/www.iglesialasaguilas.com\/?page_id=875","title":{"rendered":"Proyecto Templo"},"content":{"rendered":"<p>\u00c9s<img loading=\"lazy\" decoding=\"async\" class=\" wp-image-891 alignleft\" src=\"https:\/\/s404987499.mialojamiento.es\/nuevaweb\/wp-content\/uploads\/2015\/02\/frente2.jpg\" alt=\"frente2\" width=\"265\" height=\"162\" \/>te proyecto consiste\u00a0en la\u00a0construcci\u00f3n por fases y a largo plazo, de un edificio de unos 2600 m2. <img loading=\"lazy\" decoding=\"async\" class=\" wp-image-893 alignright\" src=\"https:\/\/s404987499.mialojamiento.es\/nuevaweb\/wp-content\/uploads\/2015\/02\/2fase.jpg\" alt=\"2fase\" width=\"275\" height=\"174\" \/>construidos, en el cual podamos desarrollar nuestras\u00a0actividades como iglesia e ir creciendo en n\u00famero, hasta llegar a construir un auditorio para 1000 personas, que ser\u00e1 la culminaci\u00f3n de la <strong>Tercera fase<\/strong><\/p>\n<p style=\"text-align: left;\"><span style=\"line-height: 1.5;\"><a href=\"https:\/\/www.iglesialasaguilas.com\/wp-content\/uploads\/2015\/02\/local-aguilas2.jpg\"><img loading=\"lazy\" decoding=\"async\" class=\" wp-image-894 alignleft\" src=\"https:\/\/www.iglesialasaguilas.com\/wp-content\/uploads\/2015\/02\/local-aguilas2.jpg\" alt=\"\" width=\"281\" height=\"107\" srcset=\"https:\/\/www.iglesialasaguilas.com\/wp-content\/uploads\/2015\/02\/local-aguilas2.jpg 1214w, https:\/\/www.iglesialasaguilas.com\/wp-content\/uploads\/2015\/02\/local-aguilas2-300x114.jpg 300w, https:\/\/www.iglesialasaguilas.com\/wp-content\/uploads\/2015\/02\/local-aguilas2-1024x391.jpg 1024w\" sizes=\"auto, (max-width: 281px) 100vw, 281px\" \/><\/a>En la<strong> fase Provisional <\/strong>se construy\u00f3 un edificio de 260m2 que despu\u00e9s quedar\u00eda incorporado a todo el edificio. \u00a0 Unos a\u00f1os despu\u00e9s se empez\u00f3 a construir la <strong>Primera fase, <\/strong>que nos dio la oportunidad de ampliar nuestras reuniones en un sal\u00f3n de 270 m2. \u00a0\u00a0<\/span><span style=\"line-height: 1.5;\"><a href=\"https:\/\/www.iglesialasaguilas.com\/wp-content\/uploads\/2015\/02\/lat.izdo_tras..jpg\"><img loading=\"lazy\" decoding=\"async\" class=\" wp-image-822 alignright\" src=\"https:\/\/www.iglesialasaguilas.com\/wp-content\/uploads\/2015\/02\/lat.izdo_tras..jpg\" alt=\"\" width=\"281\" height=\"187\" \/><\/a><\/span><\/p>\n<p style=\"text-align: left;\"><a href=\"https:\/\/s404987499.mialojamiento.es\/nuevaweb\/wp-content\/uploads\/2015\/02\/estructura.jpg\"><img loading=\"lazy\" decoding=\"async\" class=\"wp-image-895 alignleft\" src=\"https:\/\/s404987499.mialojamiento.es\/nuevaweb\/wp-content\/uploads\/2015\/02\/estructura-300x225.jpg\" alt=\"estructura\" width=\"264\" height=\"198\" srcset=\"https:\/\/www.iglesialasaguilas.com\/wp-content\/uploads\/2015\/02\/estructura-300x225.jpg 300w, https:\/\/www.iglesialasaguilas.com\/wp-content\/uploads\/2015\/02\/estructura.jpg 640w\" sizes=\"auto, (max-width: 264px) 100vw, 264px\" \/><\/a><\/p>\n<p style=\"text-align: left;\"><span style=\"line-height: 1.5;\">Terminada la \u00a0<strong>Primera fase,<\/strong>\u00a0 nos reunimos all\u00ed durante unos diez a\u00f1os. Por la gracia de Dios pudimos seguir construyendo hasta llegar terminar pr\u00e1cticamente la <strong>Segunda fase,<\/strong> con un sal\u00f3n de unos 400 m2. donde nos<\/span><\/p>\n<p><a href=\"https:\/\/www.iglesialasaguilas.com\/wp-content\/uploads\/2017\/12\/IMG_4883-1-e1513551441585.jpg\"><img loading=\"lazy\" decoding=\"async\" class=\"wp-image-2633 alignleft\" src=\"https:\/\/www.iglesialasaguilas.com\/wp-content\/uploads\/2017\/12\/IMG_4883-1-e1513551441585.jpg\" alt=\"\" width=\"313\" height=\"188\" \/><\/a><\/p>\n<p style=\"text-align: left;\"><span style=\"line-height: 1.5;\">reunimos ahora, \u00a0que fue inaugurado en Junio del 2017. Desde entonces, poco a poco hemos ido terminando detalles\u00a0<\/span>\u00a0aunque no est\u00e1 acabado del todo.<\/p>\n<p style=\"text-align: left;\">Los fondos para la construcci\u00f3n del edificio han venido a trav\u00e9s de las aportaciones voluntarias de todos los miembros de la iglesia, con grandes esfuerzos, y de prestamos \u00a0concedidos por una entidad bancaria.<\/p>\n<p style=\"text-align: left;\"><a href=\"https:\/\/www.iglesialasaguilas.com\/wp-content\/uploads\/2021\/01\/Fachada-ICELA.jpg\"><img loading=\"lazy\" decoding=\"async\" class=\"wp-image-3424 alignleft\" src=\"https:\/\/www.iglesialasaguilas.com\/wp-content\/uploads\/2021\/01\/Fachada-ICELA.jpg\" alt=\"\" width=\"320\" height=\"240\" srcset=\"https:\/\/www.iglesialasaguilas.com\/wp-content\/uploads\/2021\/01\/Fachada-ICELA.jpg 1250w, https:\/\/www.iglesialasaguilas.com\/wp-content\/uploads\/2021\/01\/Fachada-ICELA-300x225.jpg 300w, https:\/\/www.iglesialasaguilas.com\/wp-content\/uploads\/2021\/01\/Fachada-ICELA-768x576.jpg 768w, https:\/\/www.iglesialasaguilas.com\/wp-content\/uploads\/2021\/01\/Fachada-ICELA-1024x768.jpg 1024w\" sizes=\"auto, (max-width: 320px) 100vw, 320px\" \/><\/a>Actualmente, el valor del edificio es\u00a0cuatro veces m\u00e1s del dinero que se adeuda al banco, lo que significa que tres cuartos del valor invertido ha sido a trav\u00e9s del trabajo y los donativos de los miembros.<\/p>\n<p style=\"text-align: left;\">Tambi\u00e9n algunos hermanos e iglesias amigas han aportado algunas cantidades que nos han ayudado a no parar las obras.<\/p>\n<p>Todav\u00eda nos queda terminar algunas obras exteriores, como la zona de aparcamientos \u00a0en superficie, rebaje de acera para uso de carruajes y la valla exterior, que hasta ahora es provisional.<\/p>\n<p style=\"text-align: left;\"><strong>Si quieres participar en este proyecto, para terminar con la legalizaci\u00f3n de la segunda fase del edificio, puedes hacerlo aportando un donativo. Ve a la pagina de inicio y pulsa el bot\u00f3n Donar o\u00a0<a title=\"pulsa aqu\u00ed\" href=\"https:\/\/s404987499.mialojamiento.es\/nuevaweb\/?page_id=471\" target=\"_blank\" rel=\"noopener noreferrer\">pulsa aqu\u00ed<\/a><\/strong><\/p>\n","protected":false},"excerpt":{"rendered":"<p>\u00c9ste proyecto consiste\u00a0en la\u00a0construcci\u00f3n por fases y a largo plazo, de un edificio de unos 2600 m2. construidos, en el cual podamos desarrollar nuestras\u00a0actividades como iglesia e ir creciendo en n\u00famero, hasta llegar a construir un auditorio para 1000 personas, que ser\u00e1 la culminaci\u00f3n de la Tercera fase En la fase Provisional se construy\u00f3 un [&hellip;]<\/p>\n","protected":false},"author":3,"featured_media":0,"parent":457,"menu_order":0,"comment_status":"open","ping_status":"open","template":"","meta":{"footnotes":""},"class_list":["post-875","page","type-page","status-publish","hentry"],"_links":{"self":[{"href":"https:\/\/www.iglesialasaguilas.com\/index.php?rest_route=\/wp\/v2\/pages\/875","targetHints":{"allow":["GET"]}}],"collection":[{"href":"https:\/\/www.iglesialasaguilas.com\/index.php?rest_route=\/wp\/v2\/pages"}],"about":[{"href":"https:\/\/www.iglesialasaguilas.com\/index.php?rest_route=\/wp\/v2\/types\/page"}],"author":[{"embeddable":true,"href":"https:\/\/www.iglesialasaguilas.com\/index.php?rest_route=\/wp\/v2\/users\/3"}],"replies":[{"embeddable":true,"href":"https:\/\/www.iglesialasaguilas.com\/index.php?rest_route=%2Fwp%2Fv2%2Fcomments&post=875"}],"version-history":[{"count":10,"href":"https:\/\/www.iglesialasaguilas.com\/index.php?rest_route=\/wp\/v2\/pages\/875\/revisions"}],"predecessor-version":[{"id":3460,"href":"https:\/\/www.iglesialasaguilas.com\/index.php?rest_route=\/wp\/v2\/pages\/875\/revisions\/3460"}],"up":[{"embeddable":true,"href":"https:\/\/www.iglesialasaguilas.com\/index.php?rest_route=\/wp\/v2\/pages\/457"}],"wp:attachment":[{"href":"https:\/\/www.iglesialasaguilas.com\/index.php?rest_route=%2Fwp%2Fv2%2Fmedia&parent=875"}],"curies":[{"name":"wp","href":"https:\/\/api.w.org\/{rel}","templated":true}]}}