{"id":810,"date":"2015-02-07T19:02:07","date_gmt":"2015-02-07T19:02:07","guid":{"rendered":"http:\/\/s404987499.mialojamiento.es\/nuevaweb\/?page_id=810"},"modified":"2015-02-11T20:53:36","modified_gmt":"2015-02-11T20:53:36","slug":"historia","status":"publish","type":"page","link":"https:\/\/www.iglesialasaguilas.com\/?page_id=810","title":{"rendered":"Historia"},"content":{"rendered":"<h2><span style=\"color: #800000;\">Un poco de nuestra historia<\/span><\/h2>\n<p align=\"left\"><a href=\"https:\/\/s404987499.mialojamiento.es\/nuevaweb\/wp-content\/uploads\/2015\/02\/anag.maranhata.jpg\"><img loading=\"lazy\" decoding=\"async\" class=\"  wp-image-828 alignleft\" src=\"https:\/\/s404987499.mialojamiento.es\/nuevaweb\/wp-content\/uploads\/2015\/02\/anag.maranhata-210x300.jpg\" alt=\"anag.maranhata\" width=\"163\" height=\"233\" srcset=\"https:\/\/www.iglesialasaguilas.com\/wp-content\/uploads\/2015\/02\/anag.maranhata-210x300.jpg 210w, https:\/\/www.iglesialasaguilas.com\/wp-content\/uploads\/2015\/02\/anag.maranhata.jpg 307w\" sizes=\"auto, (max-width: 163px) 100vw, 163px\" \/><\/a>Esta iglesia naci\u00f3 el 1 de Noviembre del a\u00f1o 1980 con un grupo de 8 j\u00f3venes que proven\u00edan de una Asamblea de Hermanos. Una experiencia \u00abcarism\u00e1tica\u00bb motiv\u00f3 nuestra salida de esta Asamblea.<br \/>\nLas reuniones comenzaron principalmente en un hogar del barrio de San Ignacio de Loyola, perteneciente al distrito de Latina (Aluche) en Madrid. Despu\u00e9s, en locales prestados por\u00a0otras iglesias amigas, mas tarde, en distintos locales en r\u00e9gimen <img loading=\"lazy\" decoding=\"async\" class=\"  wp-image-815 alignright\" src=\"https:\/\/s404987499.mialojamiento.es\/nuevaweb\/wp-content\/uploads\/2015\/02\/Fanjul-Carpa-300x197.png\" alt=\"Fanjul Carpa\" width=\"314\" height=\"206\" srcset=\"https:\/\/www.iglesialasaguilas.com\/wp-content\/uploads\/2015\/02\/Fanjul-Carpa-300x197.png 300w, https:\/\/www.iglesialasaguilas.com\/wp-content\/uploads\/2015\/02\/Fanjul-Carpa.png 351w\" sizes=\"auto, (max-width: 314px) 100vw, 314px\" \/>de alquiler.<br \/>\nPor el camino, se compraron dos terrenos con la intenci\u00f3n de construir el edificio para nuestra iglesia.<\/p>\n<p align=\"left\">En el primero de ellos no pudimos construir pues el Ayuntamiento de Madrid, dos a\u00f1os despu\u00e9s de haberlo comprado, le cambi\u00f3 el uso religioso que tenia y lo dividi\u00f3 en tres usos distintos: Vial, zona verde y espacio libre no edificable. Solo pudimos instalar una Carpa.<a href=\"https:\/\/s404987499.mialojamiento.es\/nuevaweb\/wp-content\/uploads\/2015\/02\/Santa-Margarita.png\"><img loading=\"lazy\" decoding=\"async\" class=\"  wp-image-826 alignleft\" src=\"https:\/\/s404987499.mialojamiento.es\/nuevaweb\/wp-content\/uploads\/2015\/02\/Santa-Margarita-300x202.png\" alt=\"Santa Margarita\" width=\"324\" height=\"218\" srcset=\"https:\/\/www.iglesialasaguilas.com\/wp-content\/uploads\/2015\/02\/Santa-Margarita-300x202.png 300w, https:\/\/www.iglesialasaguilas.com\/wp-content\/uploads\/2015\/02\/Santa-Margarita.png 373w\" sizes=\"auto, (max-width: 324px) 100vw, 324px\" \/><\/a><\/p>\n<p align=\"left\">Despu\u00e9s de doce a\u00f1os, de intentar darle una soluci\u00f3n, desistimos y compramos otro terreno para el cual obtuvimos licencia de construcci\u00f3n, pero cuando \u00edbamos a empezar las obras, los vecinos de alrededor, nos lo impidieron por la fuerza y comenzaron a manifestarse en contra de que se construyera en aquel lugar hasta que lo consiguieron. Tambi\u00e9n desistimos.<\/p>\n<p align=\"left\">A\u00f1os mas tarde,<img loading=\"lazy\" decoding=\"async\" class=\" size-medium wp-image-816 alignright\" src=\"https:\/\/s404987499.mialojamiento.es\/nuevaweb\/wp-content\/uploads\/2015\/02\/FNavidad1-300x194.png\" alt=\"FNavidad1\" width=\"300\" height=\"194\" srcset=\"https:\/\/www.iglesialasaguilas.com\/wp-content\/uploads\/2015\/02\/FNavidad1-300x194.png 300w, https:\/\/www.iglesialasaguilas.com\/wp-content\/uploads\/2015\/02\/FNavidad1.png 334w\" sizes=\"auto, (max-width: 300px) 100vw, 300px\" \/> por fin, pudimos negociar con el Ayuntamiento de Madrid cambi\u00e1ndole dos tercios del primer terreno mas el segundo, por otro de la misma superficie en la misma zona.<br \/>\nAll\u00ed empezamos a construir durante varios a\u00f1os, en varias fases, hasta tener el edificio que por la Gracia de Dios hemos podido terminar y all\u00ed nos reunimos hasta el d\u00eda de hoy.<\/p>\n<p align=\"left\"><a href=\"https:\/\/s404987499.mialojamiento.es\/nuevaweb\/wp-content\/uploads\/2015\/02\/lat.izdo_tras..jpg\"><img loading=\"lazy\" decoding=\"async\" class=\"alignnone  wp-image-822\" src=\"https:\/\/s404987499.mialojamiento.es\/nuevaweb\/wp-content\/uploads\/2015\/02\/lat.izdo_tras..jpg\" alt=\"lat.izdo_tras.\" width=\"376\" height=\"250\" \/><\/a>\u00a0<img loading=\"lazy\" decoding=\"async\" class=\"  wp-image-821 alignright\" src=\"https:\/\/s404987499.mialojamiento.es\/nuevaweb\/wp-content\/uploads\/2015\/02\/LAfFrente-izdo-300x224.jpg\" alt=\"LAfFrente izdo\" width=\"365\" height=\"272\" srcset=\"https:\/\/www.iglesialasaguilas.com\/wp-content\/uploads\/2015\/02\/LAfFrente-izdo-300x224.jpg 300w, https:\/\/www.iglesialasaguilas.com\/wp-content\/uploads\/2015\/02\/LAfFrente-izdo.jpg 512w\" sizes=\"auto, (max-width: 365px) 100vw, 365px\" \/><\/p>\n","protected":false},"excerpt":{"rendered":"<p>Un poco de nuestra historia Esta iglesia naci\u00f3 el 1 de Noviembre del a\u00f1o 1980 con un grupo de 8 j\u00f3venes que proven\u00edan de una Asamblea de Hermanos. Una experiencia \u00abcarism\u00e1tica\u00bb motiv\u00f3 nuestra salida de esta Asamblea. Las reuniones comenzaron principalmente en un hogar del barrio de San Ignacio de Loyola, perteneciente al distrito de [&hellip;]<\/p>\n","protected":false},"author":3,"featured_media":0,"parent":0,"menu_order":0,"comment_status":"open","ping_status":"open","template":"","meta":{"footnotes":""},"class_list":["post-810","page","type-page","status-publish","hentry"],"_links":{"self":[{"href":"https:\/\/www.iglesialasaguilas.com\/index.php?rest_route=\/wp\/v2\/pages\/810","targetHints":{"allow":["GET"]}}],"collection":[{"href":"https:\/\/www.iglesialasaguilas.com\/index.php?rest_route=\/wp\/v2\/pages"}],"about":[{"href":"https:\/\/www.iglesialasaguilas.com\/index.php?rest_route=\/wp\/v2\/types\/page"}],"author":[{"embeddable":true,"href":"https:\/\/www.iglesialasaguilas.com\/index.php?rest_route=\/wp\/v2\/users\/3"}],"replies":[{"embeddable":true,"href":"https:\/\/www.iglesialasaguilas.com\/index.php?rest_route=%2Fwp%2Fv2%2Fcomments&post=810"}],"version-history":[{"count":3,"href":"https:\/\/www.iglesialasaguilas.com\/index.php?rest_route=\/wp\/v2\/pages\/810\/revisions"}],"predecessor-version":[{"id":877,"href":"https:\/\/www.iglesialasaguilas.com\/index.php?rest_route=\/wp\/v2\/pages\/810\/revisions\/877"}],"wp:attachment":[{"href":"https:\/\/www.iglesialasaguilas.com\/index.php?rest_route=%2Fwp%2Fv2%2Fmedia&parent=810"}],"curies":[{"name":"wp","href":"https:\/\/api.w.org\/{rel}","templated":true}]}}