{"id":3281,"date":"2020-05-21T14:45:46","date_gmt":"2020-05-21T13:45:46","guid":{"rendered":"http:\/\/www.iglesialasaguilas.com\/?page_id=3281"},"modified":"2026-02-14T14:13:54","modified_gmt":"2026-02-14T13:13:54","slug":"jovenes-adolescentes-2","status":"publish","type":"page","link":"https:\/\/www.iglesialasaguilas.com\/?page_id=3281","title":{"rendered":"Escuela Dominical"},"content":{"rendered":"\n<figure class=\"wp-block-image size-large is-resized\"><a href=\"https:\/\/www.iglesialasaguilas.com\/wp-content\/uploads\/2020\/05\/thumbnail-2.jpg\"><img loading=\"lazy\" decoding=\"async\" width=\"1024\" height=\"766\" src=\"https:\/\/www.iglesialasaguilas.com\/wp-content\/uploads\/2020\/05\/thumbnail-2-1024x766.jpg\" alt=\"\" class=\"wp-image-3282\" style=\"width:479px;height:358px\" srcset=\"https:\/\/www.iglesialasaguilas.com\/wp-content\/uploads\/2020\/05\/thumbnail-2-1024x766.jpg 1024w, https:\/\/www.iglesialasaguilas.com\/wp-content\/uploads\/2020\/05\/thumbnail-2-300x224.jpg 300w, https:\/\/www.iglesialasaguilas.com\/wp-content\/uploads\/2020\/05\/thumbnail-2-768x575.jpg 768w, https:\/\/www.iglesialasaguilas.com\/wp-content\/uploads\/2020\/05\/thumbnail-2.jpg 1080w\" sizes=\"auto, (max-width: 1024px) 100vw, 1024px\" \/><\/a><figcaption class=\"wp-element-caption\">Una clase de Escuela Dominical<\/figcaption><\/figure>\n\n\n\n<p>La Escuela Dominical de la Iglesia Evang\u00e9lica Las \u00c1guilas tiene como objetivo hacer llegar el evangelio de una manera clara, directa y din\u00e1mica a los ni\u00f1os que forman parte de la iglesia. <\/p>\n\n\n\n<p>Cada domingo nuestras aulas se llenan de historias, mensajes apasionantes, risas, manualidades, etc. pero sobre todo de mucha creatividad y ganas de aprender. Nuestra misi\u00f3n es hacer llegar el evangelio a los m\u00e1s peque\u00f1os, entendiendo la importancia de establecer fundamentos s\u00f3lidos en los ni\u00f1os desde temprana edad, tal como se refleja en el libro de Proverbios 22:6 que dice: \u201cInstruye al ni\u00f1o en su camino, y aun cuando fuere viejo no se apartar\u00e1 de \u00e9l\u00bb <\/p>\n\n\n\n<p>Este ministerio est\u00e1 formado por tres profesoras y se divide en dos clases, una de ellas con edades comprendidas entre los 4 a 7 a\u00f1os y la otra con ni\u00f1os de 8 a 12 a\u00f1os. Nuestras clases suelen seguir siempre una misma l\u00ednea, dividida en dos partes: primera, tener un tiempo en el que los ni\u00f1os compartan algo sobre su semana, pudiendo conocer qu\u00e9 les inquieta o preocupa para poder orar con ellos, y segundo, ense\u00f1arles principios y valores que les acompa\u00f1ar\u00e1n a lo largo de su vida con una finalidad clara y ayudarles a ser mejores personas, a trav\u00e9s de historias b\u00edblicas, empleando diferentes m\u00e9todos de ense\u00f1anza-aprendizaje.<\/p>\n\n\n\n<div class=\"wp-block-columns is-layout-flex wp-container-core-columns-is-layout-9d6595d7 wp-block-columns-is-layout-flex\">\n<div class=\"wp-block-column is-layout-flow wp-block-column-is-layout-flow\" style=\"flex-basis:100%\">\n<div class=\"wp-block-columns is-layout-flex wp-container-core-columns-is-layout-9d6595d7 wp-block-columns-is-layout-flex\">\n<div class=\"wp-block-column is-layout-flow wp-block-column-is-layout-flow\">\n<figure class=\"wp-block-image size-full\"><a href=\"https:\/\/www.iglesialasaguilas.com\/wp-content\/uploads\/2020\/05\/thumbnail-1-1.jpg\"><img loading=\"lazy\" decoding=\"async\" width=\"565\" height=\"635\" src=\"https:\/\/www.iglesialasaguilas.com\/wp-content\/uploads\/2020\/05\/thumbnail-1-1.jpg\" alt=\"\" class=\"wp-image-3286\" srcset=\"https:\/\/www.iglesialasaguilas.com\/wp-content\/uploads\/2020\/05\/thumbnail-1-1.jpg 565w, https:\/\/www.iglesialasaguilas.com\/wp-content\/uploads\/2020\/05\/thumbnail-1-1-267x300.jpg 267w\" sizes=\"auto, (max-width: 565px) 100vw, 565px\" \/><\/a><figcaption class=\"wp-element-caption\">Linda Fajardo (Directora)<\/figcaption><\/figure>\n<\/div>\n\n\n\n<div class=\"wp-block-column is-layout-flow wp-block-column-is-layout-flow\">\n<figure class=\"wp-block-image size-full\"><a href=\"https:\/\/www.iglesialasaguilas.com\/wp-content\/uploads\/2023\/01\/MISIONES.jpg\"><img loading=\"lazy\" decoding=\"async\" width=\"250\" height=\"350\" src=\"https:\/\/www.iglesialasaguilas.com\/wp-content\/uploads\/2023\/01\/MISIONES.jpg\" alt=\"\" class=\"wp-image-4250\" srcset=\"https:\/\/www.iglesialasaguilas.com\/wp-content\/uploads\/2023\/01\/MISIONES.jpg 250w, https:\/\/www.iglesialasaguilas.com\/wp-content\/uploads\/2023\/01\/MISIONES-214x300.jpg 214w\" sizes=\"auto, (max-width: 250px) 100vw, 250px\" \/><\/a><figcaption class=\"wp-element-caption\"> Mar\u00eda Fernanda Roca (Profesora)<\/figcaption><\/figure>\n<\/div>\n\n\n\n<div class=\"wp-block-column is-layout-flow wp-block-column-is-layout-flow\">\n<figure class=\"wp-block-image size-full\"><a href=\"https:\/\/www.iglesialasaguilas.com\/wp-content\/uploads\/2015\/01\/teens34-250x350.jpg\"><img loading=\"lazy\" decoding=\"async\" width=\"250\" height=\"350\" src=\"https:\/\/www.iglesialasaguilas.com\/wp-content\/uploads\/2015\/01\/teens34-250x350.jpg\" alt=\"\" class=\"wp-image-739\" srcset=\"https:\/\/www.iglesialasaguilas.com\/wp-content\/uploads\/2015\/01\/teens34-250x350.jpg 250w, https:\/\/www.iglesialasaguilas.com\/wp-content\/uploads\/2015\/01\/teens34-250x350-214x300.jpg 214w\" sizes=\"auto, (max-width: 250px) 100vw, 250px\" \/><\/a><figcaption class=\"wp-element-caption\">Jorge Roca (Profesor)<\/figcaption><\/figure>\n<\/div>\n<\/div>\n<\/div>\n<\/div>\n\n\n\n<p><\/p>\n","protected":false},"excerpt":{"rendered":"<p>La Escuela Dominical de la Iglesia Evang\u00e9lica Las \u00c1guilas tiene como objetivo hacer llegar el evangelio de una manera clara, directa y din\u00e1mica a los ni\u00f1os que forman parte de la iglesia. Cada domingo nuestras aulas se llenan de historias, mensajes apasionantes, risas, manualidades, etc. pero sobre todo de mucha creatividad y ganas de aprender. [&hellip;]<\/p>\n","protected":false},"author":3,"featured_media":0,"parent":0,"menu_order":0,"comment_status":"open","ping_status":"open","template":"","meta":{"footnotes":""},"class_list":["post-3281","page","type-page","status-publish","hentry"],"_links":{"self":[{"href":"https:\/\/www.iglesialasaguilas.com\/index.php?rest_route=\/wp\/v2\/pages\/3281","targetHints":{"allow":["GET"]}}],"collection":[{"href":"https:\/\/www.iglesialasaguilas.com\/index.php?rest_route=\/wp\/v2\/pages"}],"about":[{"href":"https:\/\/www.iglesialasaguilas.com\/index.php?rest_route=\/wp\/v2\/types\/page"}],"author":[{"embeddable":true,"href":"https:\/\/www.iglesialasaguilas.com\/index.php?rest_route=\/wp\/v2\/users\/3"}],"replies":[{"embeddable":true,"href":"https:\/\/www.iglesialasaguilas.com\/index.php?rest_route=%2Fwp%2Fv2%2Fcomments&post=3281"}],"version-history":[{"count":7,"href":"https:\/\/www.iglesialasaguilas.com\/index.php?rest_route=\/wp\/v2\/pages\/3281\/revisions"}],"predecessor-version":[{"id":4829,"href":"https:\/\/www.iglesialasaguilas.com\/index.php?rest_route=\/wp\/v2\/pages\/3281\/revisions\/4829"}],"wp:attachment":[{"href":"https:\/\/www.iglesialasaguilas.com\/index.php?rest_route=%2Fwp%2Fv2%2Fmedia&parent=3281"}],"curies":[{"name":"wp","href":"https:\/\/api.w.org\/{rel}","templated":true}]}}