{"id":3240,"date":"2020-04-23T13:49:26","date_gmt":"2020-04-23T12:49:26","guid":{"rendered":"http:\/\/www.iglesialasaguilas.com\/?page_id=3240"},"modified":"2020-04-24T23:25:01","modified_gmt":"2020-04-24T22:25:01","slug":"misiones","status":"publish","type":"page","link":"https:\/\/www.iglesialasaguilas.com\/?page_id=3240","title":{"rendered":"MISIONES"},"content":{"rendered":"<p>GUINEA ECUATORIAL<\/p>\n<p><a href=\"https:\/\/www.iglesialasaguilas.com\/wp-content\/uploads\/2020\/04\/Imagen-1.png\"><img loading=\"lazy\" decoding=\"async\" class=\"alignnone size-full wp-image-3249\" src=\"https:\/\/www.iglesialasaguilas.com\/wp-content\/uploads\/2020\/04\/Imagen-1.png\" alt=\"\" width=\"625\" height=\"389\" srcset=\"https:\/\/www.iglesialasaguilas.com\/wp-content\/uploads\/2020\/04\/Imagen-1.png 625w, https:\/\/www.iglesialasaguilas.com\/wp-content\/uploads\/2020\/04\/Imagen-1-300x187.png 300w\" sizes=\"auto, (max-width: 625px) 100vw, 625px\" \/><\/a>En el a\u00f1o 1993 la familia Amigo, Antonio, Conchi y Neri, salieron como misioneros a Guinea Ecuatorial, la antigua colonia espa\u00f1ola en el \u00c1frica Occidental. All\u00ed tuvieron dos hijos m\u00e1s, Loida y Fran Caleb. A\u00f1os mas tarde, se incorpor\u00f3 al equipo Mari amigo, hermana de Antonio.<\/p>\n<p>Desde entonces, gracias al esfuerzo de esta familia, de los l\u00edderes nativos que fueron formados y reconocidos, de la iglesia Las \u00c1guilas, de las Iglesias BBNN de Espa\u00f1a, y de algunas iglesias y amigos en Espa\u00f1a, podemos decir que la misi\u00f3n floreci\u00f3 grandemente.<\/p>\n<p>En unos cuantos a\u00f1os se crearon escuelas infantiles, hogares para ni\u00f1os, centros de Preescolar, una Escuela-comedor y varios Proyectos de Salud<\/p>\n<p>Toda la Obra Social se llev\u00f3 a cabo a trav\u00e9s de la ONG \u00abDignidad Madrid\u00bb y otras asociaciones pertenecientes a las iglesias BBNN de Espa\u00f1a.<\/p>\n<div id=\"attachment_3250\" style=\"width: 349px\" class=\"wp-caption alignleft\"><a href=\"https:\/\/www.iglesialasaguilas.com\/wp-content\/uploads\/2020\/04\/Imagen-2.png\"><img loading=\"lazy\" decoding=\"async\" aria-describedby=\"caption-attachment-3250\" class=\"wp-image-3250\" src=\"https:\/\/www.iglesialasaguilas.com\/wp-content\/uploads\/2020\/04\/Imagen-2.png\" alt=\"\" width=\"339\" height=\"217\" srcset=\"https:\/\/www.iglesialasaguilas.com\/wp-content\/uploads\/2020\/04\/Imagen-2.png 625w, https:\/\/www.iglesialasaguilas.com\/wp-content\/uploads\/2020\/04\/Imagen-2-300x192.png 300w\" sizes=\"auto, (max-width: 339px) 100vw, 339px\" \/><\/a><p id=\"caption-attachment-3250\" class=\"wp-caption-text\">Iglesia en Engong<\/p><\/div>\n<p>Tambi\u00e9n se plantaron unas 20 nuevas iglesias en diferentes pueblos del interior del pa\u00eds, como Evinayong, Aconibe, Mbam, Engon, Niefang\u2026 en Malabo, capital de la Isla y en Bata, la capital del continente, donde est\u00e1 la Iglesia Central.<\/p>\n<p>La obra sigue adelante, emancipada, con un liderazgo nativo con el cual seguimos teniendo excelentes relaciones y el pastor Antonio Amigo sigue visit\u00e1ndolas iglesias al menos una vez al a\u00f1o, mientras que los l\u00edderes nacionales de Guinea E., siguen viniendo a Espa\u00f1a una o dos veces por a\u00f1o.<\/p>\n<p>Damos gracias a Dios por esta preciosa misi\u00f3n.<\/p>\n\n\n<pre class=\"wp-block-verse\"><\/pre>\n","protected":false},"excerpt":{"rendered":"<p>GUINEA ECUATORIAL En el a\u00f1o 1993 la familia Amigo, Antonio, Conchi y Neri, salieron como misioneros a Guinea Ecuatorial, la antigua colonia espa\u00f1ola en el \u00c1frica Occidental. All\u00ed tuvieron dos hijos m\u00e1s, Loida y Fran Caleb. A\u00f1os mas tarde, se incorpor\u00f3 al equipo Mari amigo, hermana de Antonio. Desde entonces, gracias al esfuerzo de esta [&hellip;]<\/p>\n","protected":false},"author":3,"featured_media":0,"parent":0,"menu_order":0,"comment_status":"closed","ping_status":"closed","template":"","meta":{"footnotes":""},"class_list":["post-3240","page","type-page","status-publish","hentry"],"_links":{"self":[{"href":"https:\/\/www.iglesialasaguilas.com\/index.php?rest_route=\/wp\/v2\/pages\/3240","targetHints":{"allow":["GET"]}}],"collection":[{"href":"https:\/\/www.iglesialasaguilas.com\/index.php?rest_route=\/wp\/v2\/pages"}],"about":[{"href":"https:\/\/www.iglesialasaguilas.com\/index.php?rest_route=\/wp\/v2\/types\/page"}],"author":[{"embeddable":true,"href":"https:\/\/www.iglesialasaguilas.com\/index.php?rest_route=\/wp\/v2\/users\/3"}],"replies":[{"embeddable":true,"href":"https:\/\/www.iglesialasaguilas.com\/index.php?rest_route=%2Fwp%2Fv2%2Fcomments&post=3240"}],"version-history":[{"count":5,"href":"https:\/\/www.iglesialasaguilas.com\/index.php?rest_route=\/wp\/v2\/pages\/3240\/revisions"}],"predecessor-version":[{"id":3253,"href":"https:\/\/www.iglesialasaguilas.com\/index.php?rest_route=\/wp\/v2\/pages\/3240\/revisions\/3253"}],"wp:attachment":[{"href":"https:\/\/www.iglesialasaguilas.com\/index.php?rest_route=%2Fwp%2Fv2%2Fmedia&parent=3240"}],"curies":[{"name":"wp","href":"https:\/\/api.w.org\/{rel}","templated":true}]}}