{"id":3096,"date":"2019-12-23T08:37:35","date_gmt":"2019-12-23T07:37:35","guid":{"rendered":"http:\/\/www.iglesialasaguilas.com\/?page_id=3096"},"modified":"2019-12-23T08:41:47","modified_gmt":"2019-12-23T07:41:47","slug":"politica-de-privacidad-3","status":"publish","type":"page","link":"https:\/\/www.iglesialasaguilas.com\/?page_id=3096","title":{"rendered":"Aviso Legal"},"content":{"rendered":"\n<h2 class=\"wp-block-heading\"><strong>LEY DE LOS SERVICIOS DE LA SOCIEDAD DE LA INFORMACI\u00d3N (LSSI)<\/strong><\/h2>\n\n\n\n<p><strong>IGLESIA CRISTIANA EVANGELICA LAS AGUILAS<\/strong>, responsable\ndel sitio web, en adelante RESPONSABLE, pone a disposici\u00f3n de los usuarios el\npresente documento, con el que pretende dar cumplimiento a las obligaciones\ndispuestas en la Ley 34\/2002, de 11 de julio, de Servicios de la Sociedad de la\nInformaci\u00f3n y de Comercio Electr\u00f3nico (LSSICE), BOE N \u00ba 166, as\u00ed como informar\na todos los usuarios del sitio web respecto a cu\u00e1les son las condiciones de\nuso.<\/p>\n\n\n\n<p>Toda persona que acceda a este sitio web asume el\npapel de usuario, comprometi\u00e9ndose a la observancia y cumplimiento riguroso de\nlas disposiciones aqu\u00ed dispuestas, as\u00ed como a cualquier otra disposici\u00f3n legal\nque fuera de aplicaci\u00f3n. <\/p>\n\n\n\n<p><strong>IGLESIA CRISTIANA EVANGELICA LAS AGUILAS<\/strong><strong> <\/strong>se reserva el derecho de modificar cualquier tipo de\ninformaci\u00f3n que pudiera aparecer en el sitio web, sin que exista obligaci\u00f3n de\npreavisar o poner en conocimiento de los usuarios dichas obligaciones, entendi\u00e9ndose\ncomo suficiente con la publicaci\u00f3n en el sitio web de <strong>IGLESIA CRISTIANA EVANGELICA LAS AGUILAS<\/strong><\/p>\n\n\n\n<h4 class=\"wp-block-heading\"><strong>1. DATOS IDENTIFICATIVOS<\/strong><\/h4>\n\n\n\n<p>\n\n\n\n\n\n\n\n\n\n\n\n\n\n\n\n\nNombre de dominio: <strong>www.iglesialasaguilas.com<\/strong><br>\nNombre comercial: <strong>IGLESIA CRISTIANA\nEVANGELICA LAS AGUILAS<\/strong><br>\nDenominaci\u00f3n social: <strong>IGLESIA CRISTIANA\nEVANGELICA LAS AGUILAS<\/strong><br>\nNIF\/CIF: <strong>R2800644C<\/strong><br>\nDomicilio social: <strong>Calle Fuerte de Navidad, 19,\n28044, Madrid,\nMadrid<br>\n<\/strong>Tel\u00e9fono: <strong>915092725<\/strong><br>\ne-mail: <strong>info@iglesialasaguilas.com<\/strong><\/p>\n\n\n\n<h4 class=\"wp-block-heading\"><strong>2. DERECHOS DE PROPIEDAD INTELECTUAL E INDUSTRIAL<\/strong><\/h4>\n\n\n\n<p>El sitio web, incluyendo a t\u00edtulo enunciativo pero no\nlimitativo su programaci\u00f3n, edici\u00f3n, compilaci\u00f3n y dem\u00e1s elementos necesarios\npara su funcionamiento, los dise\u00f1os, logotipos, texto y\/o gr\u00e1ficos, son\npropiedad del RESPONSABLE o, si es el caso, dispone de licencia o autorizaci\u00f3n\nexpresa por parte de los autores. Todos los contenidos del sitio web se\nencuentran debidamente protegidos por la normativa de propiedad intelectual e\nindustrial, as\u00ed como inscritos en los registros p\u00fablicos correspondientes. <\/p>\n\n\n\n<p>Independientemente de la finalidad para la que fueran\ndestinados, la reproducci\u00f3n total o parcial, uso, explotaci\u00f3n, distribuci\u00f3n y\ncomercializaci\u00f3n, requiere en todo caso de la autorizaci\u00f3n escrita previa por\nparte del RESPONSABLE. Cualquier uso no autorizado previamente se considera un\nincumplimiento grave de los derechos de propiedad intelectual o industrial del\nautor. <\/p>\n\n\n\n<p>Los dise\u00f1os, logotipos, texto y\/o gr\u00e1ficos ajenos al\nRESPONSABLE y que pudieran aparecer en el sitio web, pertenecen a sus\nrespectivos propietarios, siendo ellos mismos responsables de cualquier posible\ncontroversia que pudiera suscitarse respecto a los mismos. El RESPONSABLE\nautoriza expresamente a que terceros puedan redirigir directamente a los\ncontenidos concretos del sitio web, y en todo caso redirigir al sitio web\nprincipal de <strong>www.iglesialasaguilas.com<\/strong><\/p>\n\n\n\n<p>El RESPONSABLE reconoce a favor de sus titulares los\ncorrespondientes derechos de propiedad intelectual e industrial, no implicando\nsu sola menci\u00f3n o aparici\u00f3n en el sitio web la existencia de derechos o\nresponsabilidad alguna sobre los mismos, como tampoco respaldo, patrocinio o\nrecomendaci\u00f3n por parte del mismo.<br>\n<br>\nPara realizar cualquier tipo de observaci\u00f3n respecto a posibles incumplimientos\nde los derechos de propiedad intelectual o industrial, as\u00ed como sobre\ncualquiera de los contenidos del sitio web, puede hacerlo a trav\u00e9s del correo\nelectr\u00f3nico <strong>info@iglesialasaguilas.com<\/strong><\/p>\n\n\n\n<h4 class=\"wp-block-heading\"><strong>3. EXENCI\u00d3N DE RESPONSABILIDADES<\/strong><\/h4>\n\n\n\n<p>El RESPONSABLE se exime de cualquier tipo de\nresponsabilidad derivada de la informaci\u00f3n publicada en su sitio web siempre\nque esta informaci\u00f3n haya sido manipulada o introducida por un tercero ajeno al\nmismo.<br>\n<br>\n<strong>Uso de Cookies<\/strong><\/p>\n\n\n\n<p>Este sitio web puede utilizar cookies t\u00e9cnicas\n(peque\u00f1os archivos de informaci\u00f3n que el servidor env\u00eda al ordenador de quien\naccede a la p\u00e1gina) para llevar a cabo determinadas funciones que son\nconsideradas imprescindibles para el correcto funcionamiento y visualizaci\u00f3n\ndel sitio. Las cookies utilizadas tienen, en todo caso, car\u00e1cter temporal, con\nla \u00fanica finalidad de hacer m\u00e1s eficaz la navegaci\u00f3n, y desaparecen al terminar\nla sesi\u00f3n del usuario. En ning\u00fan caso, estas cookies proporcionan por s\u00ed mismas\ndatos de car\u00e1cter personal y no se utilizar\u00e1n para la recogida de los mismos.<br>\n<br>\nMediante el uso de cookies tambi\u00e9n es posible que el servidor donde se\nencuentra la web reconozca el navegador utilizado por el usuario con la\nfinalidad de que la navegaci\u00f3n sea m\u00e1s sencilla, permitiendo, por ejemplo, el\nacceso de los usuarios que se hayan registrado previamente a las \u00e1reas,\nservicios, promociones o concursos reservados exclusivamente a ellos sin tener\nque registrarse en cada visita. Tambi\u00e9n se pueden utilizar para medir la\naudiencia, par\u00e1metros de tr\u00e1fico, controlar el progreso y n\u00famero de entradas,\netc, siendo en estos casos cookies prescindibles t\u00e9cnicamente pero beneficiosas\npara el usuario. Este sitio web no instalar\u00e1 cookies prescindibles sin el\nconsentimiento previo del usuario.<br>\n<br>\nEste sitio web utiliza cookies anal\u00edticas (_ga o _utm) propiedad de Google\nAnalytics, persistentes durante 2 a\u00f1os, mejorar nuestros servicios mediante el\nan\u00e1lisis de sus h\u00e1bitos de navegaci\u00f3n. A todo usuario que visita la web se le\ninforma del uso de esta cookie mediante un baner flotante solicit\u00e1ndole el\nconsentimiento para su instalaci\u00f3n. En el caso de aceptar su uso el banner\ndesaparecer\u00e1, aunque en todo momento podr\u00e1 revocar el consentimiento y obtener\nm\u00e1s informaci\u00f3n consultando nuestra Pol\u00edtica de cookies.<br>\n<br>\nEl usuario tiene la posibilidad de configurar su navegador para ser alertado de\nla recepci\u00f3n de cookies y para impedir su instalaci\u00f3n en su equipo. Por favor,\nconsulte las instrucciones de su navegador para ampliar esta informaci\u00f3n.<\/p>\n\n\n\n<p><strong>Pol\u00edtica de enlaces<\/strong><\/p>\n\n\n\n<p>Desde el sitio web, es posible que se redirija a\ncontenidos de terceros sitios web. Dado que el RESPONSABLE no puede controlar\nsiempre los contenidos introducidos por los terceros en sus respectivos sitios\nweb, no asume ning\u00fan tipo de responsabilidad respecto a dichos contenidos. En\ntodo caso, proceder\u00e1 a la retirada inmediata de cualquier contenido que pudiera\ncontravenir la legislaci\u00f3n nacional o internacional, la moral o el orden\np\u00fablico, procediendo a la retirada inmediata de la redirecci\u00f3n a dicho sitio\nweb, poniendo en conocimiento de las autoridades competentes el contenido en\ncuesti\u00f3n. <\/p>\n\n\n\n<p>El RESPONSABLE no se hace responsable de la\ninformaci\u00f3n y contenidos almacenados, a t\u00edtulo enunciativo pero no limitativo,\nen foros, chats, generadores de blogs, comentarios, redes sociales o cualquier\notro medio que permita a terceros publicar contenidos de forma independiente en\nla p\u00e1gina web del RESPONSABLE. Sin embargo, y en cumplimiento de lo dispuesto\nen los art\u00edculos 11 y 16 de la LSSICE, se pone a disposici\u00f3n de todos los\nusuarios, autoridades y fuerzas de seguridad, colaborando de forma activa en la\nretirada o, en su caso, bloqueo de todos aquellos contenidos que puedan afectar\no contravenir la legislaci\u00f3n nacional o internacional, los derechos de terceros\no la moral y el orden p\u00fablico. En caso de que el usuario considere que existe\nen el sitio web alg\u00fan contenido que pudiera ser susceptible de esta\nclasificaci\u00f3n, se ruega lo notifique de forma inmediata al administrador del\nsitio web. <\/p>\n\n\n\n<p>Este sitio web ha sido revisado y probado para que\nfuncione correctamente. En principio, puede garantizarse el correcto\nfuncionamiento los 365 d\u00edas del a\u00f1o, 24 horas al d\u00eda. Sin embargo, el\nRESPONSABLE no descarta la posibilidad de que existan ciertos errores de\nprogramaci\u00f3n, o que acontezcan causas de fuerza mayor, cat\u00e1strofes naturales,\nhuelgas o circunstancias semejantes que hagan imposible el acceso a la p\u00e1gina\nweb.<\/p>\n\n\n\n<p><strong>Direcciones IP<\/strong><\/p>\n\n\n\n<p>Los servidores del sitio web podr\u00e1n detectar de manera\nautom\u00e1tica la direcci\u00f3n IP y el nombre de dominio utilizados por el usuario.\nUna direcci\u00f3n IP es un n\u00famero asignado autom\u00e1ticamente a un ordenador cuando\n\u00e9ste se conecta a Internet. Toda esta informaci\u00f3n es registrada en un fichero de\nactividad del servidor debidamente inscrito que permite el posterior\nprocesamiento de los datos con el fin de obtener mediciones \u00fanicamente\nestad\u00edsticas que permitan conocer el n\u00famero de impresiones de p\u00e1ginas, el\nn\u00famero de visitas realizadas a los servidores web, el orden de visitas, el\npunto de acceso, etc.<\/p>\n\n\n\n<h4 class=\"wp-block-heading\"><strong>4. LEY APLICABLE Y JURISDICCI\u00d3N<\/strong><\/h4>\n\n\n\n<p>Para la resoluci\u00f3n de todas las controversias o\ncuestiones relacionadas con el presente sitio web o de las actividades en \u00e9l\ndesarrolladas, ser\u00e1 de aplicaci\u00f3n la legislaci\u00f3n espa\u00f1ola, a la que se someten\nexpresamente las partes, siendo competentes para la resoluci\u00f3n de todos los\nconflictos derivados o relacionados con su uso los Juzgados y Tribunales m\u00e1s\ncercanos en <strong>Madrid.<\/strong><\/p>\n","protected":false},"excerpt":{"rendered":"<p>LEY DE LOS SERVICIOS DE LA SOCIEDAD DE LA INFORMACI\u00d3N (LSSI) IGLESIA CRISTIANA EVANGELICA LAS AGUILAS, responsable del sitio web, en adelante RESPONSABLE, pone a disposici\u00f3n de los usuarios el presente documento, con el que pretende dar cumplimiento a las obligaciones dispuestas en la Ley 34\/2002, de 11 de julio, de Servicios de la Sociedad [&hellip;]<\/p>\n","protected":false},"author":10,"featured_media":0,"parent":0,"menu_order":0,"comment_status":"closed","ping_status":"closed","template":"","meta":{"footnotes":""},"class_list":["post-3096","page","type-page","status-publish","hentry"],"_links":{"self":[{"href":"https:\/\/www.iglesialasaguilas.com\/index.php?rest_route=\/wp\/v2\/pages\/3096","targetHints":{"allow":["GET"]}}],"collection":[{"href":"https:\/\/www.iglesialasaguilas.com\/index.php?rest_route=\/wp\/v2\/pages"}],"about":[{"href":"https:\/\/www.iglesialasaguilas.com\/index.php?rest_route=\/wp\/v2\/types\/page"}],"author":[{"embeddable":true,"href":"https:\/\/www.iglesialasaguilas.com\/index.php?rest_route=\/wp\/v2\/users\/10"}],"replies":[{"embeddable":true,"href":"https:\/\/www.iglesialasaguilas.com\/index.php?rest_route=%2Fwp%2Fv2%2Fcomments&post=3096"}],"version-history":[{"count":2,"href":"https:\/\/www.iglesialasaguilas.com\/index.php?rest_route=\/wp\/v2\/pages\/3096\/revisions"}],"predecessor-version":[{"id":3098,"href":"https:\/\/www.iglesialasaguilas.com\/index.php?rest_route=\/wp\/v2\/pages\/3096\/revisions\/3098"}],"wp:attachment":[{"href":"https:\/\/www.iglesialasaguilas.com\/index.php?rest_route=%2Fwp%2Fv2%2Fmedia&parent=3096"}],"curies":[{"name":"wp","href":"https:\/\/api.w.org\/{rel}","templated":true}]}}