{"id":2616,"date":"2017-12-13T13:27:31","date_gmt":"2017-12-13T12:27:31","guid":{"rendered":"http:\/\/www.iglesialasaguilas.com\/?page_id=2616"},"modified":"2020-04-08T13:39:04","modified_gmt":"2020-04-08T12:39:04","slug":"equipo-pastoral-2","status":"publish","type":"page","link":"https:\/\/www.iglesialasaguilas.com\/?page_id=2616","title":{"rendered":"Equipo Pastoral"},"content":{"rendered":"<p>Pastores en esta iglesia desde el 2017<\/p>\n<p>Han ministrado la Palabra en diferentes pa\u00edses (Guinea Ecuatorial, M\u00e9jico, Italia&#8230;)<\/p>\n<p>Han sido Misioneros en Guinea Ecuatorial por dos a\u00f1os<\/p>\n<p>Han sido Parte del equipo pastoral de la Iglesia Las Aguilas en San Mart\u00edn de Valdeigleias.<\/p>\n<p>Ra\u00fal es Enfermero y Joana Maestra de Primaria.<\/p>\n","protected":false},"excerpt":{"rendered":"<p>Pastores en esta iglesia desde el 2017 Han ministrado la Palabra en diferentes pa\u00edses (Guinea Ecuatorial, M\u00e9jico, Italia&#8230;) Han sido Misioneros en Guinea Ecuatorial por dos a\u00f1os Han sido Parte del equipo pastoral de la Iglesia Las Aguilas en San Mart\u00edn de Valdeigleias. Ra\u00fal es Enfermero y Joana Maestra de Primaria.<\/p>\n","protected":false},"author":3,"featured_media":0,"parent":0,"menu_order":0,"comment_status":"open","ping_status":"closed","template":"","meta":{"footnotes":""},"class_list":["post-2616","page","type-page","status-publish","hentry"],"_links":{"self":[{"href":"https:\/\/www.iglesialasaguilas.com\/index.php?rest_route=\/wp\/v2\/pages\/2616","targetHints":{"allow":["GET"]}}],"collection":[{"href":"https:\/\/www.iglesialasaguilas.com\/index.php?rest_route=\/wp\/v2\/pages"}],"about":[{"href":"https:\/\/www.iglesialasaguilas.com\/index.php?rest_route=\/wp\/v2\/types\/page"}],"author":[{"embeddable":true,"href":"https:\/\/www.iglesialasaguilas.com\/index.php?rest_route=\/wp\/v2\/users\/3"}],"replies":[{"embeddable":true,"href":"https:\/\/www.iglesialasaguilas.com\/index.php?rest_route=%2Fwp%2Fv2%2Fcomments&post=2616"}],"version-history":[{"count":2,"href":"https:\/\/www.iglesialasaguilas.com\/index.php?rest_route=\/wp\/v2\/pages\/2616\/revisions"}],"predecessor-version":[{"id":3222,"href":"https:\/\/www.iglesialasaguilas.com\/index.php?rest_route=\/wp\/v2\/pages\/2616\/revisions\/3222"}],"wp:attachment":[{"href":"https:\/\/www.iglesialasaguilas.com\/index.php?rest_route=%2Fwp%2Fv2%2Fmedia&parent=2616"}],"curies":[{"name":"wp","href":"https:\/\/api.w.org\/{rel}","templated":true}]}}