{"id":160,"date":"2020-03-28T14:42:25","date_gmt":"2020-03-28T13:42:25","guid":{"rendered":"http:\/\/copy.cro.ma\/dunamis\/?page_id=160"},"modified":"2025-06-12T09:25:58","modified_gmt":"2025-06-12T08:25:58","slug":"contacts","status":"publish","type":"page","link":"https:\/\/www.iglesialasaguilas.com\/?page_id=160","title":{"rendered":"Contacto"},"content":{"rendered":"<h4>\u00a1Vis\u00edtanos!<\/h4>\n<p>Estamos en:<\/p>\n<p><a href=\"https:\/\/goo.gl\/maps\/7Bo11\" target=\"_blank\" rel=\"noopener noreferrer\">Calle Fuerte de Navidad, n\u00ba 19, 28044 Madrid<\/a><\/p>\n<p>Metro: Aluche<\/p>\n<p>Renfe: Fanjul<\/p>\n<p>Autobuses: 17-34-39<\/p>\n<p>Tel\u00e9fono : 91 509 27 25-646746274<\/p>\n<p>Correo-e: iglesia@iglesialasaguilas.es<\/p>\n<h4>Horario reuniones:<\/h4>\n<p>Viernes: 19.30 h. Reuni\u00f3n de Oraci\u00f3n<\/p>\n<p>S\u00e1bados: 17.00 h. Reuni\u00f3n adolescentes<\/p>\n<p>S\u00e1bados: 19.00 h. Reuni\u00f3n j\u00f3venes<\/p>\n<p>Domingos: 11.30 h. Culto de Celebraci\u00f3n<\/p>\n<p><strong>Si quieres contactar con nosotros y participar en alguna actividad, colaborar en alg\u00fan servicio, proyecto, o pedir informaci\u00f3n, ll\u00e1manos. Tambi\u00e9n puedes visitarnos o escribir a la direcci\u00f3n de la iglesia o al correo electr\u00f3nico. Ser\u00e1s bien recibido.<\/strong><\/p>\n","protected":false},"excerpt":{"rendered":"<p>\u00a1Vis\u00edtanos! Estamos en: Calle Fuerte de Navidad, n\u00ba 19, 28044 Madrid Metro: Aluche Renfe: Fanjul Autobuses: 17-34-39 Tel\u00e9fono : 91 509 27 25-646746274 Correo-e: iglesia@iglesialasaguilas.es Horario reuniones: Viernes: 19.30 h. Reuni\u00f3n de Oraci\u00f3n S\u00e1bados: 17.00 h. Reuni\u00f3n adolescentes S\u00e1bados: 19.00 h. Reuni\u00f3n j\u00f3venes Domingos: 11.30 h. Culto de Celebraci\u00f3n Si quieres contactar con nosotros y [&hellip;]<\/p>\n","protected":false},"author":3,"featured_media":0,"parent":0,"menu_order":0,"comment_status":"open","ping_status":"open","template":"","meta":{"footnotes":""},"class_list":["post-160","page","type-page","status-publish","hentry"],"_links":{"self":[{"href":"https:\/\/www.iglesialasaguilas.com\/index.php?rest_route=\/wp\/v2\/pages\/160","targetHints":{"allow":["GET"]}}],"collection":[{"href":"https:\/\/www.iglesialasaguilas.com\/index.php?rest_route=\/wp\/v2\/pages"}],"about":[{"href":"https:\/\/www.iglesialasaguilas.com\/index.php?rest_route=\/wp\/v2\/types\/page"}],"author":[{"embeddable":true,"href":"https:\/\/www.iglesialasaguilas.com\/index.php?rest_route=\/wp\/v2\/users\/3"}],"replies":[{"embeddable":true,"href":"https:\/\/www.iglesialasaguilas.com\/index.php?rest_route=%2Fwp%2Fv2%2Fcomments&post=160"}],"version-history":[{"count":8,"href":"https:\/\/www.iglesialasaguilas.com\/index.php?rest_route=\/wp\/v2\/pages\/160\/revisions"}],"predecessor-version":[{"id":4804,"href":"https:\/\/www.iglesialasaguilas.com\/index.php?rest_route=\/wp\/v2\/pages\/160\/revisions\/4804"}],"wp:attachment":[{"href":"https:\/\/www.iglesialasaguilas.com\/index.php?rest_route=%2Fwp%2Fv2%2Fmedia&parent=160"}],"curies":[{"name":"wp","href":"https:\/\/api.w.org\/{rel}","templated":true}]}}